{"id":1814,"date":"2024-03-13T11:01:20","date_gmt":"2024-03-13T11:01:20","guid":{"rendered":"http:\/\/thaiarturosoria.com\/?page_id=1814"},"modified":"2024-03-18T08:30:33","modified_gmt":"2024-03-18T08:30:33","slug":"regala","status":"publish","type":"page","link":"https:\/\/thaiarturosoria.com\/en\/give\/","title":{"rendered":"Give"},"content":{"rendered":"<div data-elementor-type=\"wp-page\" data-elementor-id=\"1814\" class=\"elementor elementor-1814\" data-elementor-post-type=\"page\">\n\t\t\t\t<div class=\"elementor-element elementor-element-1e67172 e-flex e-con-boxed qodef-elementor-content-no e-con e-parent\" data-id=\"1e67172\" data-element_type=\"container\" data-e-type=\"container\">\n\t\t\t\t\t<div class=\"e-con-inner\">\n\t\t\t\t<div class=\"elementor-element elementor-element-d01dd30 elementor-widget elementor-widget-html\" data-id=\"d01dd30\" data-element_type=\"widget\" data-e-type=\"widget\" data-widget_type=\"html.default\">\n\t\t\t\t<div class=\"elementor-widget-container\">\n\t\t\t\t\t <!--<script type=\"text\/javascript\" src=\"https:\/\/www.covermanager.com\/js\/iframeResizer.min.js\"><\/script><iframe\n                                                            title=\"Reservas\" src=\"https:\/\/www.covermanager.com\/eco\/buy_products\/restaurante-thaigarden\/english\"\n                                                            frameborder=\"0\" height=\"550\" width=\"100%\" onload=\"iFrameResize();\"><\/iframe>-->\t\t\t\t<\/div>\n\t\t\t\t<\/div>\n\t\t\t\t<div class=\"elementor-element elementor-element-a177127 elementor-widget elementor-widget-html\" data-id=\"a177127\" data-element_type=\"widget\" data-e-type=\"widget\" data-widget_type=\"html.default\">\n\t\t\t\t<div class=\"elementor-widget-container\">\n\t\t\t\t\t<script type=\"text\/javascript\" src=\"https:\/\/www.covermanager.com\/js\/iframeResizer.min.js\"><\/script><iframe\n                                                            title=\"Reservas\" src=\"https:\/\/www.covermanager.com\/eco\/buy_products\/restaurante-thaigarden\/spanish\"\n                                                            frameborder=\"0\" height=\"550\" width=\"100%\" onload=\"iFrameResize();\"><\/iframe>\t\t\t\t<\/div>\n\t\t\t\t<\/div>\n\t\t\t\t\t<\/div>\n\t\t\t\t<\/div>\n\t\t<div class=\"elementor-element elementor-element-8cb8d04 e-con-full e-flex qodef-elementor-content-no e-con e-parent\" data-id=\"8cb8d04\" data-element_type=\"container\" data-e-type=\"container\">\n\t\t\t\t<div class=\"elementor-element elementor-element-39c58e7 elementor-widget elementor-widget-template\" data-id=\"39c58e7\" data-element_type=\"widget\" data-e-type=\"widget\" data-widget_type=\"template.default\">\n\t\t\t\t<div class=\"elementor-widget-container\">\n\t\t\t\t\t\t\t<div class=\"elementor-template\">\n\t\t\t\t\t<div data-elementor-type=\"section\" data-elementor-id=\"2020\" class=\"elementor elementor-2020\" data-elementor-post-type=\"elementor_library\">\n\t\t\t<div class=\"elementor-element elementor-element-70fec59 e-flex e-con-boxed qodef-elementor-content-no e-con e-parent\" data-id=\"70fec59\" data-element_type=\"container\" data-e-type=\"container\" data-settings=\"{&quot;background_background&quot;:&quot;classic&quot;}\">\n\t\t\t\t\t<div class=\"e-con-inner\">\n\t\t\t\t<div class=\"elementor-element elementor-element-4e295b5 elementor-widget elementor-widget-image\" data-id=\"4e295b5\" data-element_type=\"widget\" data-e-type=\"widget\" data-widget_type=\"image.default\">\n\t\t\t\t<div class=\"elementor-widget-container\">\n\t\t\t\t\t\t\t\t\t\t\t\t\t\t\t\t<a href=\"https:\/\/www.tripadvisor.es\/Restaurant_Review-g187514-d717429-Reviews-Thai_Arturo_Soria-Madrid.html\" target=\"_blank\">\n\t\t\t\t\t\t\t<img fetchpriority=\"high\" decoding=\"async\" width=\"500\" height=\"500\" src=\"https:\/\/thaiarturosoria.com\/wp-content\/uploads\/2024\/03\/icono-Tripadvisor-Thai.webp\" class=\"attachment-large size-large wp-image-2075\" alt=\"\" srcset=\"https:\/\/thaiarturosoria.com\/wp-content\/uploads\/2024\/03\/icono-Tripadvisor-Thai.webp 500w, https:\/\/thaiarturosoria.com\/wp-content\/uploads\/2024\/03\/icono-Tripadvisor-Thai-300x300.webp 300w, https:\/\/thaiarturosoria.com\/wp-content\/uploads\/2024\/03\/icono-Tripadvisor-Thai-150x150.webp 150w\" sizes=\"(max-width: 500px) 100vw, 500px\" \/>\t\t\t\t\t\t\t\t<\/a>\n\t\t\t\t\t\t\t\t\t\t\t\t\t\t\t<\/div>\n\t\t\t\t<\/div>\n\t\t\t\t<div class=\"elementor-element elementor-element-a5b4d33 elementor-widget elementor-widget-image\" data-id=\"a5b4d33\" data-element_type=\"widget\" data-e-type=\"widget\" data-widget_type=\"image.default\">\n\t\t\t\t<div class=\"elementor-widget-container\">\n\t\t\t\t\t\t\t\t\t\t\t\t\t\t\t\t<a href=\"https:\/\/www.google.es\/search?hl=en-ES&#038;gl=es&#038;q=Thai+Arturo+Soria,+C.+de+Arturo+Soria,+205,+28033+Madrid&#038;ludocid=14001638735376737737&#038;lsig=AB86z5WI7yOjKko4NgCI3nTF1BZi&#038;hl=en&#038;gl=ES#\" target=\"_blank\">\n\t\t\t\t\t\t\t<img decoding=\"async\" width=\"1024\" height=\"341\" src=\"https:\/\/thaiarturosoria.com\/wp-content\/uploads\/2024\/03\/icono-google-Thai-1024x341.webp\" class=\"attachment-large size-large wp-image-2073\" alt=\"\" srcset=\"https:\/\/thaiarturosoria.com\/wp-content\/uploads\/2024\/03\/icono-google-Thai-1024x341.webp 1024w, https:\/\/thaiarturosoria.com\/wp-content\/uploads\/2024\/03\/icono-google-Thai-300x100.webp 300w, https:\/\/thaiarturosoria.com\/wp-content\/uploads\/2024\/03\/icono-google-Thai-768x256.webp 768w, https:\/\/thaiarturosoria.com\/wp-content\/uploads\/2024\/03\/icono-google-Thai.webp 1500w\" sizes=\"(max-width: 1024px) 100vw, 1024px\" \/>\t\t\t\t\t\t\t\t<\/a>\n\t\t\t\t\t\t\t\t\t\t\t\t\t\t\t<\/div>\n\t\t\t\t<\/div>\n\t\t\t\t<div class=\"elementor-element elementor-element-c56de65 elementor-widget elementor-widget-image\" data-id=\"c56de65\" data-element_type=\"widget\" data-e-type=\"widget\" data-widget_type=\"image.default\">\n\t\t\t\t<div class=\"elementor-widget-container\">\n\t\t\t\t\t\t\t\t\t\t\t\t\t\t\t\t<a href=\"https:\/\/www.thefork.com\/restaurant\/thai-arturo-soria-r753180\" target=\"_blank\">\n\t\t\t\t\t\t\t<img decoding=\"async\" width=\"1000\" height=\"500\" src=\"https:\/\/thaiarturosoria.com\/wp-content\/uploads\/2024\/03\/icono-thefork-1.webp\" class=\"attachment-large size-large wp-image-2074\" alt=\"\" srcset=\"https:\/\/thaiarturosoria.com\/wp-content\/uploads\/2024\/03\/icono-thefork-1.webp 1000w, https:\/\/thaiarturosoria.com\/wp-content\/uploads\/2024\/03\/icono-thefork-1-300x150.webp 300w, https:\/\/thaiarturosoria.com\/wp-content\/uploads\/2024\/03\/icono-thefork-1-768x384.webp 768w\" sizes=\"(max-width: 1000px) 100vw, 1000px\" \/>\t\t\t\t\t\t\t\t<\/a>\n\t\t\t\t\t\t\t\t\t\t\t\t\t\t\t<\/div>\n\t\t\t\t<\/div>\n\t\t\t\t\t<\/div>\n\t\t\t\t<\/div>\n\t\t\t\t<\/div>\n\t\t\t\t<\/div>\n\t\t\t\t\t\t<\/div>\n\t\t\t\t<\/div>\n\t\t\t\t<\/div>\n\t\t\t\t<section class=\"elementor-section elementor-top-section elementor-element elementor-element-96c8e69 elementor-section-full_width elementor-section-height-default elementor-section-height-default qodef-elementor-content-no\" data-id=\"96c8e69\" data-element_type=\"section\" data-e-type=\"section\" data-settings=\"{&quot;background_background&quot;:&quot;classic&quot;}\">\n\t\t\t\t\t\t\t<div class=\"elementor-background-overlay\"><\/div>\n\t\t\t\t\t\t\t<div class=\"elementor-container elementor-column-gap-default\">\n\t\t\t\t\t<div class=\"elementor-column elementor-col-100 elementor-top-column elementor-element elementor-element-ad54219\" data-id=\"ad54219\" data-element_type=\"column\" data-e-type=\"column\">\n\t\t\t<div class=\"elementor-widget-wrap elementor-element-populated\">\n\t\t\t\t\t\t<div class=\"elementor-element elementor-element-3b14560 elementor-widget elementor-widget-image\" data-id=\"3b14560\" data-element_type=\"widget\" data-e-type=\"widget\" data-widget_type=\"image.default\">\n\t\t\t\t<div class=\"elementor-widget-container\">\n\t\t\t\t\t\t\t\t\t\t\t\t\t\t\t<img loading=\"lazy\" decoding=\"async\" width=\"40\" height=\"32\" src=\"http:\/\/thaiarturosoria.com\/wp-content\/uploads\/2020\/10\/quote.png\" class=\"attachment-full size-full wp-image-136\" alt=\"m\" \/>\t\t\t\t\t\t\t\t\t\t\t\t\t\t\t<\/div>\n\t\t\t\t<\/div>\n\t\t\t\t<div class=\"elementor-element elementor-element-9fea4a1 elementor-widget elementor-widget-qi_addons_for_elementor_section_title\" data-id=\"9fea4a1\" data-element_type=\"widget\" data-e-type=\"widget\" data-widget_type=\"qi_addons_for_elementor_section_title.default\">\n\t\t\t\t<div class=\"elementor-widget-container\">\n\t\t\t\t\t<div class=\"qodef-shortcode qodef-m qodef-qi-section-title qodef-decoration--italic qodef-link--underline-draw qodef-subtitle-icon--left\">\n\t\t\t<h4 class=\"qodef-m-title\">\n\t\tEmbark on a culinary journey into the exotic flavours of Thailand at our restaurant, where every bite is a passport straight to the heart of authentic Thai cuisine.\t<\/h4>\n\t\t\t\t\t\t<\/div>\n\t\t\t\t<\/div>\n\t\t\t\t<\/div>\n\t\t\t\t\t<\/div>\n\t\t<\/div>\n\t\t\t\t\t<\/div>\n\t\t<\/section>\n\t\t\t\t<\/div>","protected":false},"excerpt":{"rendered":"<p>Embark on a culinary journey into the exotic flavours of Thailand at our restaurant, where every bite is a passport straight to the heart of authentic Thai cuisine.<\/p>","protected":false},"author":1,"featured_media":0,"parent":0,"menu_order":20,"comment_status":"closed","ping_status":"closed","template":"qi-full-width.php","meta":{"footnotes":""},"class_list":["post-1814","page","type-page","status-publish","hentry"],"yoast_head":"<!-- This site is optimized with the Yoast SEO plugin v26.9 - https:\/\/yoast.com\/product\/yoast-seo-wordpress\/ -->\n<title>Regala - Thai Arturo Soria<\/title>\n<meta name=\"robots\" content=\"index, follow, max-snippet:-1, max-image-preview:large, max-video-preview:-1\" \/>\n<link rel=\"canonical\" href=\"https:\/\/thaiarturosoria.com\/en\/give\/\" \/>\n<meta property=\"og:locale\" content=\"en_US\" \/>\n<meta property=\"og:type\" content=\"article\" \/>\n<meta property=\"og:title\" content=\"Regala - Thai Arturo Soria\" \/>\n<meta property=\"og:description\" content=\"Emb\u00e1rcate en un viaje culinario hacia los sabores ex\u00f3ticos de Tailandia en nuestro restaurante, donde cada bocado es un pasaporte directo al coraz\u00f3n de la aut\u00e9ntica cocina tailandesa.\" \/>\n<meta property=\"og:url\" content=\"https:\/\/thaiarturosoria.com\/en\/give\/\" \/>\n<meta property=\"og:site_name\" content=\"Thai Arturo Soria\" \/>\n<meta property=\"article:modified_time\" content=\"2024-03-18T08:30:33+00:00\" \/>\n<meta property=\"og:image\" content=\"http:\/\/thaiarturosoria.com\/wp-content\/uploads\/2020\/10\/quote.png\" \/>\n<meta name=\"twitter:card\" content=\"summary_large_image\" \/>\n<script type=\"application\/ld+json\" class=\"yoast-schema-graph\">{\"@context\":\"https:\/\/schema.org\",\"@graph\":[{\"@type\":\"WebPage\",\"@id\":\"http:\/\/thaiarturosoria.com\/regala\/\",\"url\":\"http:\/\/thaiarturosoria.com\/regala\/\",\"name\":\"Regala - Thai Arturo Soria\",\"isPartOf\":{\"@id\":\"http:\/\/thaiarturosoria.com\/#website\"},\"primaryImageOfPage\":{\"@id\":\"http:\/\/thaiarturosoria.com\/regala\/#primaryimage\"},\"image\":{\"@id\":\"http:\/\/thaiarturosoria.com\/regala\/#primaryimage\"},\"thumbnailUrl\":\"http:\/\/thaiarturosoria.com\/wp-content\/uploads\/2020\/10\/quote.png\",\"datePublished\":\"2024-03-13T11:01:20+00:00\",\"dateModified\":\"2024-03-18T08:30:33+00:00\",\"breadcrumb\":{\"@id\":\"http:\/\/thaiarturosoria.com\/regala\/#breadcrumb\"},\"inLanguage\":\"en-US\",\"potentialAction\":[{\"@type\":\"ReadAction\",\"target\":[\"http:\/\/thaiarturosoria.com\/regala\/\"]}]},{\"@type\":\"ImageObject\",\"inLanguage\":\"en-US\",\"@id\":\"http:\/\/thaiarturosoria.com\/regala\/#primaryimage\",\"url\":\"http:\/\/thaiarturosoria.com\/wp-content\/uploads\/2020\/10\/quote.png\",\"contentUrl\":\"http:\/\/thaiarturosoria.com\/wp-content\/uploads\/2020\/10\/quote.png\"},{\"@type\":\"BreadcrumbList\",\"@id\":\"http:\/\/thaiarturosoria.com\/regala\/#breadcrumb\",\"itemListElement\":[{\"@type\":\"ListItem\",\"position\":1,\"name\":\"Portada\",\"item\":\"https:\/\/thaiarturosoria.com\/\"},{\"@type\":\"ListItem\",\"position\":2,\"name\":\"Regala\"}]},{\"@type\":\"WebSite\",\"@id\":\"http:\/\/thaiarturosoria.com\/#website\",\"url\":\"http:\/\/thaiarturosoria.com\/\",\"name\":\"Thai Arturo Soria\",\"description\":\"Restaurante Tailandes en Arturo Soria\",\"publisher\":{\"@id\":\"http:\/\/thaiarturosoria.com\/#organization\"},\"potentialAction\":[{\"@type\":\"SearchAction\",\"target\":{\"@type\":\"EntryPoint\",\"urlTemplate\":\"http:\/\/thaiarturosoria.com\/?s={search_term_string}\"},\"query-input\":{\"@type\":\"PropertyValueSpecification\",\"valueRequired\":true,\"valueName\":\"search_term_string\"}}],\"inLanguage\":\"en-US\"},{\"@type\":\"Organization\",\"@id\":\"http:\/\/thaiarturosoria.com\/#organization\",\"name\":\"Thai Arturo Soria\",\"url\":\"http:\/\/thaiarturosoria.com\/\",\"logo\":{\"@type\":\"ImageObject\",\"inLanguage\":\"en-US\",\"@id\":\"http:\/\/thaiarturosoria.com\/#\/schema\/logo\/image\/\",\"url\":\"https:\/\/thaiarturosoria.com\/wp-content\/uploads\/2024\/02\/logo.svg\",\"contentUrl\":\"https:\/\/thaiarturosoria.com\/wp-content\/uploads\/2024\/02\/logo.svg\",\"width\":160,\"height\":64,\"caption\":\"Thai Arturo Soria\"},\"image\":{\"@id\":\"http:\/\/thaiarturosoria.com\/#\/schema\/logo\/image\/\"}}]}<\/script>\n<!-- \/ Yoast SEO plugin. -->","yoast_head_json":{"title":"Regala - Thai Arturo Soria","robots":{"index":"index","follow":"follow","max-snippet":"max-snippet:-1","max-image-preview":"max-image-preview:large","max-video-preview":"max-video-preview:-1"},"canonical":"https:\/\/thaiarturosoria.com\/en\/give\/","og_locale":"en_US","og_type":"article","og_title":"Regala - Thai Arturo Soria","og_description":"Emb\u00e1rcate en un viaje culinario hacia los sabores ex\u00f3ticos de Tailandia en nuestro restaurante, donde cada bocado es un pasaporte directo al coraz\u00f3n de la aut\u00e9ntica cocina tailandesa.","og_url":"https:\/\/thaiarturosoria.com\/en\/give\/","og_site_name":"Thai Arturo Soria","article_modified_time":"2024-03-18T08:30:33+00:00","og_image":[{"url":"http:\/\/thaiarturosoria.com\/wp-content\/uploads\/2020\/10\/quote.png","type":"","width":"","height":""}],"twitter_card":"summary_large_image","schema":{"@context":"https:\/\/schema.org","@graph":[{"@type":"WebPage","@id":"http:\/\/thaiarturosoria.com\/regala\/","url":"http:\/\/thaiarturosoria.com\/regala\/","name":"Regala - Thai Arturo Soria","isPartOf":{"@id":"http:\/\/thaiarturosoria.com\/#website"},"primaryImageOfPage":{"@id":"http:\/\/thaiarturosoria.com\/regala\/#primaryimage"},"image":{"@id":"http:\/\/thaiarturosoria.com\/regala\/#primaryimage"},"thumbnailUrl":"http:\/\/thaiarturosoria.com\/wp-content\/uploads\/2020\/10\/quote.png","datePublished":"2024-03-13T11:01:20+00:00","dateModified":"2024-03-18T08:30:33+00:00","breadcrumb":{"@id":"http:\/\/thaiarturosoria.com\/regala\/#breadcrumb"},"inLanguage":"en-US","potentialAction":[{"@type":"ReadAction","target":["http:\/\/thaiarturosoria.com\/regala\/"]}]},{"@type":"ImageObject","inLanguage":"en-US","@id":"http:\/\/thaiarturosoria.com\/regala\/#primaryimage","url":"http:\/\/thaiarturosoria.com\/wp-content\/uploads\/2020\/10\/quote.png","contentUrl":"http:\/\/thaiarturosoria.com\/wp-content\/uploads\/2020\/10\/quote.png"},{"@type":"BreadcrumbList","@id":"http:\/\/thaiarturosoria.com\/regala\/#breadcrumb","itemListElement":[{"@type":"ListItem","position":1,"name":"Portada","item":"https:\/\/thaiarturosoria.com\/"},{"@type":"ListItem","position":2,"name":"Regala"}]},{"@type":"WebSite","@id":"http:\/\/thaiarturosoria.com\/#website","url":"http:\/\/thaiarturosoria.com\/","name":"Thai Arturo Soria","description":"Restaurante Tailandes en Arturo Soria","publisher":{"@id":"http:\/\/thaiarturosoria.com\/#organization"},"potentialAction":[{"@type":"SearchAction","target":{"@type":"EntryPoint","urlTemplate":"http:\/\/thaiarturosoria.com\/?s={search_term_string}"},"query-input":{"@type":"PropertyValueSpecification","valueRequired":true,"valueName":"search_term_string"}}],"inLanguage":"en-US"},{"@type":"Organization","@id":"http:\/\/thaiarturosoria.com\/#organization","name":"Thai Arturo Soria","url":"http:\/\/thaiarturosoria.com\/","logo":{"@type":"ImageObject","inLanguage":"en-US","@id":"http:\/\/thaiarturosoria.com\/#\/schema\/logo\/image\/","url":"https:\/\/thaiarturosoria.com\/wp-content\/uploads\/2024\/02\/logo.svg","contentUrl":"https:\/\/thaiarturosoria.com\/wp-content\/uploads\/2024\/02\/logo.svg","width":160,"height":64,"caption":"Thai Arturo Soria"},"image":{"@id":"http:\/\/thaiarturosoria.com\/#\/schema\/logo\/image\/"}}]}},"_links":{"self":[{"href":"https:\/\/thaiarturosoria.com\/en\/wp-json\/wp\/v2\/pages\/1814","targetHints":{"allow":["GET"]}}],"collection":[{"href":"https:\/\/thaiarturosoria.com\/en\/wp-json\/wp\/v2\/pages"}],"about":[{"href":"https:\/\/thaiarturosoria.com\/en\/wp-json\/wp\/v2\/types\/page"}],"author":[{"embeddable":true,"href":"https:\/\/thaiarturosoria.com\/en\/wp-json\/wp\/v2\/users\/1"}],"replies":[{"embeddable":true,"href":"https:\/\/thaiarturosoria.com\/en\/wp-json\/wp\/v2\/comments?post=1814"}],"version-history":[{"count":16,"href":"https:\/\/thaiarturosoria.com\/en\/wp-json\/wp\/v2\/pages\/1814\/revisions"}],"predecessor-version":[{"id":2059,"href":"https:\/\/thaiarturosoria.com\/en\/wp-json\/wp\/v2\/pages\/1814\/revisions\/2059"}],"wp:attachment":[{"href":"https:\/\/thaiarturosoria.com\/en\/wp-json\/wp\/v2\/media?parent=1814"}],"curies":[{"name":"wp","href":"https:\/\/api.w.org\/{rel}","templated":true}]}}