{"id":2011,"date":"2024-03-14T07:57:25","date_gmt":"2024-03-14T07:57:25","guid":{"rendered":"http:\/\/thaiarturosoria.com\/?page_id=2011"},"modified":"2024-03-14T07:59:07","modified_gmt":"2024-03-14T07:59:07","slug":"gracias","status":"publish","type":"page","link":"http:\/\/thaiarturosoria.com\/en\/thanks\/","title":{"rendered":"Gracias"},"content":{"rendered":"<div data-elementor-type=\"wp-page\" data-elementor-id=\"2011\" class=\"elementor elementor-2011\" data-elementor-post-type=\"page\">\n\t\t\t\t<div class=\"elementor-element elementor-element-48fdda0 e-flex e-con-boxed qodef-elementor-content-no e-con e-parent\" data-id=\"48fdda0\" data-element_type=\"container\" data-e-type=\"container\">\n\t\t\t\t\t<div class=\"e-con-inner\">\n\t\t\t\t<div class=\"elementor-element elementor-element-eba77b6 elementor-widget elementor-widget-heading\" data-id=\"eba77b6\" data-element_type=\"widget\" data-e-type=\"widget\" data-widget_type=\"heading.default\">\n\t\t\t\t<div class=\"elementor-widget-container\">\n\t\t\t\t\t<span class=\"elementor-heading-title elementor-size-default\">Gracias por ponerte en contacto con nosotros. <br>\nSi es necesario nos pondremos en contacto contigo con la mayor brevedad posible.<\/span>\t\t\t\t<\/div>\n\t\t\t\t<\/div>\n\t\t\t\t\t<\/div>\n\t\t\t\t<\/div>\n\t\t<div class=\"elementor-element elementor-element-576a012 e-flex e-con-boxed qodef-elementor-content-no e-con e-parent\" data-id=\"576a012\" data-element_type=\"container\" data-e-type=\"container\" data-settings=\"{&quot;background_background&quot;:&quot;classic&quot;}\">\n\t\t\t\t\t<div class=\"e-con-inner\">\n\t\t\t\t<div class=\"elementor-element elementor-element-62696b9 elementor-widget elementor-widget-image\" data-id=\"62696b9\" data-element_type=\"widget\" data-e-type=\"widget\" data-widget_type=\"image.default\">\n\t\t\t\t<div class=\"elementor-widget-container\">\n\t\t\t\t\t\t\t\t\t\t\t\t\t\t\t<img fetchpriority=\"high\" decoding=\"async\" width=\"644\" height=\"544\" src=\"https:\/\/thaiarturosoria.com\/wp-content\/uploads\/2024\/03\/trip.webp\" class=\"attachment-large size-large wp-image-1255\" alt=\"\" srcset=\"https:\/\/thaiarturosoria.com\/wp-content\/uploads\/2024\/03\/trip.webp 644w, https:\/\/thaiarturosoria.com\/wp-content\/uploads\/2024\/03\/trip-300x253.webp 300w\" sizes=\"(max-width: 644px) 100vw, 644px\" \/>\t\t\t\t\t\t\t\t\t\t\t\t\t\t\t<\/div>\n\t\t\t\t<\/div>\n\t\t\t\t<div class=\"elementor-element elementor-element-7d69009 elementor-widget elementor-widget-image\" data-id=\"7d69009\" data-element_type=\"widget\" data-e-type=\"widget\" data-widget_type=\"image.default\">\n\t\t\t\t<div class=\"elementor-widget-container\">\n\t\t\t\t\t\t\t\t\t\t\t\t\t\t\t<img decoding=\"async\" width=\"1024\" height=\"304\" src=\"https:\/\/thaiarturosoria.com\/wp-content\/uploads\/2024\/03\/google.webp\" class=\"attachment-large size-large wp-image-1253\" alt=\"\" srcset=\"https:\/\/thaiarturosoria.com\/wp-content\/uploads\/2024\/03\/google.webp 1024w, https:\/\/thaiarturosoria.com\/wp-content\/uploads\/2024\/03\/google-300x89.webp 300w, https:\/\/thaiarturosoria.com\/wp-content\/uploads\/2024\/03\/google-768x228.webp 768w\" sizes=\"(max-width: 1024px) 100vw, 1024px\" \/>\t\t\t\t\t\t\t\t\t\t\t\t\t\t\t<\/div>\n\t\t\t\t<\/div>\n\t\t\t\t<div class=\"elementor-element elementor-element-ee5395e elementor-widget elementor-widget-image\" data-id=\"ee5395e\" data-element_type=\"widget\" data-e-type=\"widget\" data-widget_type=\"image.default\">\n\t\t\t\t<div class=\"elementor-widget-container\">\n\t\t\t\t\t\t\t\t\t\t\t\t\t\t\t<img decoding=\"async\" width=\"880\" height=\"484\" src=\"https:\/\/thaiarturosoria.com\/wp-content\/uploads\/2024\/03\/thefork.webp\" class=\"attachment-large size-large wp-image-1254\" alt=\"\" srcset=\"https:\/\/thaiarturosoria.com\/wp-content\/uploads\/2024\/03\/thefork.webp 880w, https:\/\/thaiarturosoria.com\/wp-content\/uploads\/2024\/03\/thefork-300x165.webp 300w, https:\/\/thaiarturosoria.com\/wp-content\/uploads\/2024\/03\/thefork-768x422.webp 768w\" sizes=\"(max-width: 880px) 100vw, 880px\" \/>\t\t\t\t\t\t\t\t\t\t\t\t\t\t\t<\/div>\n\t\t\t\t<\/div>\n\t\t\t\t\t<\/div>\n\t\t\t\t<\/div>\n\t\t\t\t<section class=\"elementor-section elementor-top-section elementor-element elementor-element-85e638f elementor-section-full_width elementor-section-height-default elementor-section-height-default qodef-elementor-content-no\" data-id=\"85e638f\" data-element_type=\"section\" data-e-type=\"section\" data-settings=\"{&quot;background_background&quot;:&quot;classic&quot;}\">\n\t\t\t\t\t\t\t<div class=\"elementor-background-overlay\"><\/div>\n\t\t\t\t\t\t\t<div class=\"elementor-container elementor-column-gap-default\">\n\t\t\t\t\t<div class=\"elementor-column elementor-col-100 elementor-top-column elementor-element elementor-element-50c4120\" data-id=\"50c4120\" data-element_type=\"column\" data-e-type=\"column\">\n\t\t\t<div class=\"elementor-widget-wrap elementor-element-populated\">\n\t\t\t\t\t\t<div class=\"elementor-element elementor-element-5b25791 elementor-widget elementor-widget-image\" data-id=\"5b25791\" data-element_type=\"widget\" data-e-type=\"widget\" data-widget_type=\"image.default\">\n\t\t\t\t<div class=\"elementor-widget-container\">\n\t\t\t\t\t\t\t\t\t\t\t\t\t\t\t<img loading=\"lazy\" decoding=\"async\" width=\"40\" height=\"32\" src=\"https:\/\/thaiarturosoria.com\/wp-content\/uploads\/2020\/10\/quote.png\" class=\"attachment-full size-full wp-image-136\" alt=\"m\" \/>\t\t\t\t\t\t\t\t\t\t\t\t\t\t\t<\/div>\n\t\t\t\t<\/div>\n\t\t\t\t<div class=\"elementor-element elementor-element-cafef18 elementor-widget elementor-widget-qi_addons_for_elementor_section_title\" data-id=\"cafef18\" data-element_type=\"widget\" data-e-type=\"widget\" data-widget_type=\"qi_addons_for_elementor_section_title.default\">\n\t\t\t\t<div class=\"elementor-widget-container\">\n\t\t\t\t\t<div class=\"qodef-shortcode qodef-m qodef-qi-section-title qodef-decoration--italic qodef-link--underline-draw qodef-subtitle-icon--left\">\n\t\t\t<h4 class=\"qodef-m-title\">\n\t\tEmbark on a culinary journey into the exotic flavours of Thailand at our restaurant, where every bite is a passport straight to the heart of authentic Thai cuisine.\t<\/h4>\n\t\t\t\t\t\t<\/div>\n\t\t\t\t<\/div>\n\t\t\t\t<\/div>\n\t\t\t\t\t<\/div>\n\t\t<\/div>\n\t\t\t\t\t<\/div>\n\t\t<\/section>\n\t\t\t\t<\/div>","protected":false},"excerpt":{"rendered":"<p>Gracias por ponerte en contacto con nosotros. Si es necesario nos pondremos en contacto contigo con la mayor brevedad posible. Emb\u00e1rcate en un viaje culinario hacia los sabores ex\u00f3ticos de Tailandia en nuestro restaurante, donde cada bocado es un pasaporte directo al coraz\u00f3n de la aut\u00e9ntica cocina tailandesa.<\/p>","protected":false},"author":1,"featured_media":0,"parent":0,"menu_order":0,"comment_status":"closed","ping_status":"closed","template":"qi-full-width.php","meta":{"footnotes":""},"class_list":["post-2011","page","type-page","status-publish","hentry"],"yoast_head":"<!-- This site is optimized with the Yoast SEO plugin v26.9 - https:\/\/yoast.com\/product\/yoast-seo-wordpress\/ -->\n<title>Gracias - Thai Arturo Soria<\/title>\n<meta name=\"robots\" content=\"index, follow, max-snippet:-1, max-image-preview:large, max-video-preview:-1\" \/>\n<link rel=\"canonical\" href=\"http:\/\/thaiarturosoria.com\/en\/thanks\/\" \/>\n<meta property=\"og:locale\" content=\"en_US\" \/>\n<meta property=\"og:type\" content=\"article\" \/>\n<meta property=\"og:title\" content=\"Gracias - Thai Arturo Soria\" \/>\n<meta property=\"og:description\" content=\"Gracias por ponerte en contacto con nosotros. Si es necesario nos pondremos en contacto contigo con la mayor brevedad posible. Emb\u00e1rcate en un viaje culinario hacia los sabores ex\u00f3ticos de Tailandia en nuestro restaurante, donde cada bocado es un pasaporte directo al coraz\u00f3n de la aut\u00e9ntica cocina tailandesa.\" \/>\n<meta property=\"og:url\" content=\"http:\/\/thaiarturosoria.com\/en\/thanks\/\" \/>\n<meta property=\"og:site_name\" content=\"Thai Arturo Soria\" \/>\n<meta property=\"article:modified_time\" content=\"2024-03-14T07:59:07+00:00\" \/>\n<meta property=\"og:image\" content=\"http:\/\/thaiarturosoria.com\/wp-content\/uploads\/2024\/03\/trip.webp\" \/>\n<meta name=\"twitter:card\" content=\"summary_large_image\" \/>\n<meta name=\"twitter:label1\" content=\"Est. reading time\" \/>\n\t<meta name=\"twitter:data1\" content=\"2 minutes\" \/>\n<script type=\"application\/ld+json\" class=\"yoast-schema-graph\">{\"@context\":\"https:\/\/schema.org\",\"@graph\":[{\"@type\":\"WebPage\",\"@id\":\"https:\/\/thaiarturosoria.com\/gracias\/\",\"url\":\"https:\/\/thaiarturosoria.com\/gracias\/\",\"name\":\"Gracias - Thai Arturo Soria\",\"isPartOf\":{\"@id\":\"https:\/\/thaiarturosoria.com\/#website\"},\"primaryImageOfPage\":{\"@id\":\"https:\/\/thaiarturosoria.com\/gracias\/#primaryimage\"},\"image\":{\"@id\":\"https:\/\/thaiarturosoria.com\/gracias\/#primaryimage\"},\"thumbnailUrl\":\"http:\/\/thaiarturosoria.com\/wp-content\/uploads\/2024\/03\/trip.webp\",\"datePublished\":\"2024-03-14T07:57:25+00:00\",\"dateModified\":\"2024-03-14T07:59:07+00:00\",\"breadcrumb\":{\"@id\":\"https:\/\/thaiarturosoria.com\/gracias\/#breadcrumb\"},\"inLanguage\":\"en-US\",\"potentialAction\":[{\"@type\":\"ReadAction\",\"target\":[\"https:\/\/thaiarturosoria.com\/gracias\/\"]}]},{\"@type\":\"ImageObject\",\"inLanguage\":\"en-US\",\"@id\":\"https:\/\/thaiarturosoria.com\/gracias\/#primaryimage\",\"url\":\"http:\/\/thaiarturosoria.com\/wp-content\/uploads\/2024\/03\/trip.webp\",\"contentUrl\":\"http:\/\/thaiarturosoria.com\/wp-content\/uploads\/2024\/03\/trip.webp\"},{\"@type\":\"BreadcrumbList\",\"@id\":\"https:\/\/thaiarturosoria.com\/gracias\/#breadcrumb\",\"itemListElement\":[{\"@type\":\"ListItem\",\"position\":1,\"name\":\"Portada\",\"item\":\"https:\/\/thaiarturosoria.com\/\"},{\"@type\":\"ListItem\",\"position\":2,\"name\":\"Gracias\"}]},{\"@type\":\"WebSite\",\"@id\":\"https:\/\/thaiarturosoria.com\/#website\",\"url\":\"https:\/\/thaiarturosoria.com\/\",\"name\":\"Thai Arturo Soria\",\"description\":\"Restaurante Tailandes en Arturo Soria\",\"publisher\":{\"@id\":\"https:\/\/thaiarturosoria.com\/#organization\"},\"potentialAction\":[{\"@type\":\"SearchAction\",\"target\":{\"@type\":\"EntryPoint\",\"urlTemplate\":\"https:\/\/thaiarturosoria.com\/?s={search_term_string}\"},\"query-input\":{\"@type\":\"PropertyValueSpecification\",\"valueRequired\":true,\"valueName\":\"search_term_string\"}}],\"inLanguage\":\"en-US\"},{\"@type\":\"Organization\",\"@id\":\"https:\/\/thaiarturosoria.com\/#organization\",\"name\":\"Thai Arturo Soria\",\"url\":\"https:\/\/thaiarturosoria.com\/\",\"logo\":{\"@type\":\"ImageObject\",\"inLanguage\":\"en-US\",\"@id\":\"https:\/\/thaiarturosoria.com\/#\/schema\/logo\/image\/\",\"url\":\"http:\/\/thaiarturosoria.com\/wp-content\/uploads\/2024\/02\/logo.svg\",\"contentUrl\":\"http:\/\/thaiarturosoria.com\/wp-content\/uploads\/2024\/02\/logo.svg\",\"width\":160,\"height\":64,\"caption\":\"Thai Arturo Soria\"},\"image\":{\"@id\":\"https:\/\/thaiarturosoria.com\/#\/schema\/logo\/image\/\"}}]}<\/script>\n<!-- \/ Yoast SEO plugin. -->","yoast_head_json":{"title":"Gracias - Thai Arturo Soria","robots":{"index":"index","follow":"follow","max-snippet":"max-snippet:-1","max-image-preview":"max-image-preview:large","max-video-preview":"max-video-preview:-1"},"canonical":"http:\/\/thaiarturosoria.com\/en\/thanks\/","og_locale":"en_US","og_type":"article","og_title":"Gracias - Thai Arturo Soria","og_description":"Gracias por ponerte en contacto con nosotros. Si es necesario nos pondremos en contacto contigo con la mayor brevedad posible. Emb\u00e1rcate en un viaje culinario hacia los sabores ex\u00f3ticos de Tailandia en nuestro restaurante, donde cada bocado es un pasaporte directo al coraz\u00f3n de la aut\u00e9ntica cocina tailandesa.","og_url":"http:\/\/thaiarturosoria.com\/en\/thanks\/","og_site_name":"Thai Arturo Soria","article_modified_time":"2024-03-14T07:59:07+00:00","og_image":[{"url":"http:\/\/thaiarturosoria.com\/wp-content\/uploads\/2024\/03\/trip.webp","type":"","width":"","height":""}],"twitter_card":"summary_large_image","twitter_misc":{"Est. reading time":"2 minutes"},"schema":{"@context":"https:\/\/schema.org","@graph":[{"@type":"WebPage","@id":"https:\/\/thaiarturosoria.com\/gracias\/","url":"https:\/\/thaiarturosoria.com\/gracias\/","name":"Gracias - Thai Arturo Soria","isPartOf":{"@id":"https:\/\/thaiarturosoria.com\/#website"},"primaryImageOfPage":{"@id":"https:\/\/thaiarturosoria.com\/gracias\/#primaryimage"},"image":{"@id":"https:\/\/thaiarturosoria.com\/gracias\/#primaryimage"},"thumbnailUrl":"http:\/\/thaiarturosoria.com\/wp-content\/uploads\/2024\/03\/trip.webp","datePublished":"2024-03-14T07:57:25+00:00","dateModified":"2024-03-14T07:59:07+00:00","breadcrumb":{"@id":"https:\/\/thaiarturosoria.com\/gracias\/#breadcrumb"},"inLanguage":"en-US","potentialAction":[{"@type":"ReadAction","target":["https:\/\/thaiarturosoria.com\/gracias\/"]}]},{"@type":"ImageObject","inLanguage":"en-US","@id":"https:\/\/thaiarturosoria.com\/gracias\/#primaryimage","url":"http:\/\/thaiarturosoria.com\/wp-content\/uploads\/2024\/03\/trip.webp","contentUrl":"http:\/\/thaiarturosoria.com\/wp-content\/uploads\/2024\/03\/trip.webp"},{"@type":"BreadcrumbList","@id":"https:\/\/thaiarturosoria.com\/gracias\/#breadcrumb","itemListElement":[{"@type":"ListItem","position":1,"name":"Portada","item":"https:\/\/thaiarturosoria.com\/"},{"@type":"ListItem","position":2,"name":"Gracias"}]},{"@type":"WebSite","@id":"https:\/\/thaiarturosoria.com\/#website","url":"https:\/\/thaiarturosoria.com\/","name":"Thai Arturo Soria","description":"Restaurante Tailandes en Arturo Soria","publisher":{"@id":"https:\/\/thaiarturosoria.com\/#organization"},"potentialAction":[{"@type":"SearchAction","target":{"@type":"EntryPoint","urlTemplate":"https:\/\/thaiarturosoria.com\/?s={search_term_string}"},"query-input":{"@type":"PropertyValueSpecification","valueRequired":true,"valueName":"search_term_string"}}],"inLanguage":"en-US"},{"@type":"Organization","@id":"https:\/\/thaiarturosoria.com\/#organization","name":"Thai Arturo Soria","url":"https:\/\/thaiarturosoria.com\/","logo":{"@type":"ImageObject","inLanguage":"en-US","@id":"https:\/\/thaiarturosoria.com\/#\/schema\/logo\/image\/","url":"http:\/\/thaiarturosoria.com\/wp-content\/uploads\/2024\/02\/logo.svg","contentUrl":"http:\/\/thaiarturosoria.com\/wp-content\/uploads\/2024\/02\/logo.svg","width":160,"height":64,"caption":"Thai Arturo Soria"},"image":{"@id":"https:\/\/thaiarturosoria.com\/#\/schema\/logo\/image\/"}}]}},"_links":{"self":[{"href":"http:\/\/thaiarturosoria.com\/en\/wp-json\/wp\/v2\/pages\/2011","targetHints":{"allow":["GET"]}}],"collection":[{"href":"http:\/\/thaiarturosoria.com\/en\/wp-json\/wp\/v2\/pages"}],"about":[{"href":"http:\/\/thaiarturosoria.com\/en\/wp-json\/wp\/v2\/types\/page"}],"author":[{"embeddable":true,"href":"http:\/\/thaiarturosoria.com\/en\/wp-json\/wp\/v2\/users\/1"}],"replies":[{"embeddable":true,"href":"http:\/\/thaiarturosoria.com\/en\/wp-json\/wp\/v2\/comments?post=2011"}],"version-history":[{"count":7,"href":"http:\/\/thaiarturosoria.com\/en\/wp-json\/wp\/v2\/pages\/2011\/revisions"}],"predecessor-version":[{"id":2018,"href":"http:\/\/thaiarturosoria.com\/en\/wp-json\/wp\/v2\/pages\/2011\/revisions\/2018"}],"wp:attachment":[{"href":"http:\/\/thaiarturosoria.com\/en\/wp-json\/wp\/v2\/media?parent=2011"}],"curies":[{"name":"wp","href":"https:\/\/api.w.org\/{rel}","templated":true}]}}